{"id":1065,"date":"2019-09-10T11:41:56","date_gmt":"2019-09-10T09:41:56","guid":{"rendered":"https:\/\/labointernational.ma\/myweb\/professeur-bahji-mestapha\/"},"modified":"2019-12-28T11:02:57","modified_gmt":"2019-12-28T10:02:57","slug":"professeur-bahji-mestapha","status":"publish","type":"page","link":"https:\/\/labointernational.ma\/ar\/professeur-bahji-mestapha\/","title":{"rendered":"Pr.  BAHJI Mostafa"},"content":{"rendered":"<div class=\"wpb-content-wrapper\"><p>[vc_row rsclass=&#8221;clean&#8221; el_class=&#8221;row&#8221; css=&#8221;.vc_custom_1568118338855{margin-left: 40px !important;}&#8221;][vc_column width=&#8221;1\/4&#8243; rsclass=&#8221;clean&#8221; el_class=&#8221;col-md&#8221;][vc_single_image image=&#8221;1953&#8243; img_size=&#8221;full&#8221; rsclass=&#8221;clean&#8221; el_class=&#8221;doctor-page-photo text-center tt_pt_3&#8243; rs_image_class=&#8221;img-fluid&#8221;][\/vc_single_image][vc_empty_space][vc_column_text]<strong>Professeur en H\u00e9mato-Biologie (Facult\u00e9 de M\u00e9decine et de Pharmacie &#8211; Rabat)<\/strong><\/p>\n<p><strong>Ex M\u00e9decin Lt-Colonel (H\u00f4pital Militaire d\u2019Instruction Mohamed V &#8211; Rabat)<\/strong>[\/vc_column_text][\/vc_column][vc_column width=&#8221;3\/4&#8243; rsclass=&#8221;clean&#8221; el_class=&#8221;col-lg-8 mt-4 mt-lg-0&#8243;][vc_custom_heading text=&#8221;Dipl\u00f4mes&#8221; font_container=&#8221;tag:h2|font_size:25|text_align:left&#8221; use_theme_fonts=&#8221;yes&#8221; rs_decor_place=&#8221;2&#8243;][\/vc_custom_heading][vc_column_text rsclass=&#8221;clean&#8221;]<\/p>\n<p><strong>2009 : Titre de Professeur Assistant en H\u00e9mato-Biologie <\/strong><\/p>\n<p>Facult\u00e9 de M\u00e9decine et de Pharmacie (Rabat, MAROC)<\/p>\n<p><strong>2009 : Dipl\u00f4me Universitaire d\u2019Epid\u00e9miologie et de Recherche Clinique<\/strong><\/p>\n<p>Facult\u00e9 de M\u00e9decine et de Pharmacie (F\u00e8s, MAROC)<\/p>\n<p><strong>2007 : Dipl\u00f4me Universitaire Europ\u00e9en de Cytog\u00e9n\u00e9tique Mol\u00e9culaire<\/strong><\/p>\n<p>Universit\u00e9 Ren\u00e9 Descartes (Paris, FRANCE)<\/p>\n<p><strong>2007 : Attestation de Formation Sp\u00e9cialis\u00e9e Approfondie en Biologie (AFSA)<\/strong><\/p>\n<p>Facult\u00e9 de M\u00e9decine et de Pharmacie (Rabat, MAROC)<\/p>\n<p><strong>1997 : Titre d\u2019Interne-CHU en M\u00e9decine\u00a0<\/strong><\/p>\n<p>Facult\u00e9 de M\u00e9decine et de Pharmacie (Rabat, MAROC)<\/p>\n<p><strong>1990 : Concours de M\u00e9decine Militaire\u00a0<\/strong><\/p>\n<p>Ecole Royale de Service Sant\u00e9 Militaire ERSSM (Rabat, MAROC)<\/p>\n<p><strong>1990 : Baccalaur\u00e9at option Sciences Exp\u00e9rimentales<\/strong><\/p>\n<p>Acad\u00e9mie Royale Militaire ARM (Mekn\u00e8s, MAROC)[\/vc_column_text][vc_custom_heading text=&#8221;Exp\u00e9riences Professionnelles&#8221; font_container=&#8221;tag:h2|font_size:25|text_align:left&#8221; use_theme_fonts=&#8221;yes&#8221; rs_decor_place=&#8221;2&#8243;][\/vc_custom_heading][vc_column_text rsclass=&#8221;clean&#8221;]<\/p>\n<p><strong>2010-2017 (8 ans) : Professeur en H\u00e9mato-Biologie\u00a0<\/strong><\/p>\n<p>H\u00f4pital Militaire d\u2019Instruction Mohammed V (Rabat, MAROC).<\/p>\n<p><strong>2013 (2 mois) : Chef du Laboratoire d\u2019Analyses M\u00e9dicales\u00a0<\/strong><\/p>\n<p>H\u00f4pital M\u00e9dico-Chirurgical Marocain de Campagne (Za\u00e4tari, JORDANIE).<\/p>\n<p><strong>2011 (2 mois) : Chef du Laboratoire d\u2019Analyses M\u00e9dicales<\/strong><\/p>\n<p>H\u00f4pital M\u00e9dico-Chirurgical Marocain de Campagne (Zarzis, TUNISIE).<\/p>\n<p><strong>2009-2010 (1 an) : Chef du Laboratoire d\u2019H\u00e9matologie\u00a0<\/strong><\/p>\n<p>H\u00f4pital militaire Moulay Ismail (Mekn\u00e8s, MAROC).<\/p>\n<p><strong>2007-2009 (2 ans)\u00a0 : M\u00e9decin Biologiste au Laboratoire d\u2019H\u00e9matologie et de Transfusion Sanguine<\/strong><\/p>\n<p>H\u00f4pital Militaire d\u2019Instruction Mohammed V (Rabat, MAROC).<\/p>\n<p><strong>2006-2007 (1 an) : M\u00e9decin Biologiste au Laboratoire d\u2019H\u00e9matologie et de Cytog\u00e9n\u00e9tique <\/strong><\/p>\n<p>H\u00f4pital Pasteur (Nice, FRANCE).<\/p>\n<p><strong style=\"color: inherit;\">2005-2006 (2 ans) : Chef du Laboratoire d\u2019Analyses M\u00e9dicales<\/strong><\/p>\n<p>3\u00e8me H\u00f4pital Militaire (La\u00e2youne, MAROC).<\/p>\n<p><strong>2004 (7 mois) : Chef du Laboratoire d\u2019Analyses M\u00e9dicales<\/strong><\/p>\n<p>H\u00f4pital Niveau II de l\u2019Organisation des Nations Unies (ONU &#8211; Bunia, R\u00e9publique D\u00e9mocratique du Congo).<\/p>\n<p><strong>2000-2004 (4 ans) : M\u00e9decin R\u00e9sident en Biologie M\u00e9dicale<\/strong><\/p>\n<p>Centre Hospitalier Universitaire Ibn Sina (Rabat Sal\u00e9 &#8211; MAROC).<\/p>\n<p><strong>1997-2000 (2 ans) : M\u00e9decin Interne<\/strong><\/p>\n<p>CHU \u2013 Centre Hospitalier Universitaire Ibn Sina (Rabat Sal\u00e9 &#8211; MAROC).<\/p>\n<p>[\/vc_column_text][\/vc_column][\/vc_row][vc_row][vc_column][vc_text_separator title=&#8221;Publications Scientifiques&#8221; i_icon_fontawesome=&#8221;fa fa-book&#8221; i_size=&#8221;xl&#8221; border_width=&#8221;2&#8243; add_icon=&#8221;true&#8221; el_class=&#8221;service-card-name&#8221;][\/vc_column][\/vc_row][vc_row css=&#8221;.vc_custom_1568112307280{margin-top: 25px !important;}&#8221;][vc_column][vc_custom_heading text=&#8221;Th\u00e8ses &amp; M\u00e9moires :&#8221; font_container=&#8221;tag:h3|font_size:18|text_align:left&#8221; use_theme_fonts=&#8221;yes&#8221; rs_decor_place=&#8221;2&#8243;][\/vc_custom_heading][vc_column_text]<\/p>\n<ul>\n<li>\u00a0Apport de la cytog\u00e9n\u00e9tique dans l\u2019\u00e9tude des leuc\u00e9mies lympho\u00efdes aigues B ; \u00e0 propos de 4 cas (M\u00e9moire de l\u2019AFSA \u2013 2007).<\/li>\n<li>\u00a0Les syndromes de coagulation intravasculaire diss\u00e9min\u00e9e ; \u00e0 propos de 10 observations\u00a0(M\u00e9moire de Sp\u00e9cialit\u00e9 \u2013 2004).<\/li>\n<li>\u00a0Hypertension art\u00e9rielle et anesth\u00e9sie ; \u00e9tude de 100 dossiers<\/li>\n<\/ul>\n<p>[\/vc_column_text][\/vc_column][\/vc_row][vc_row css=&#8221;.vc_custom_1568112307280{margin-top: 25px !important;}&#8221;][vc_column][vc_custom_heading text=&#8221;Publications (Auteur Principal) :&#8221; font_container=&#8221;tag:h3|font_size:18|text_align:left&#8221; use_theme_fonts=&#8221;yes&#8221; rs_decor_place=&#8221;2&#8243;][\/vc_custom_heading][vc_column_text]<\/p>\n<ul>\n<li>\u00a0Thrombop\u00e9nie induite par l\u2019h\u00e9parine avec thrombose \u00e9tendue des deux membres inf\u00e9rieurs.<\/li>\n<li>\u00a0Cryoglobulin\u00e9mie mixte \u00e0 IgA monoclonale et IgM biclonale au cours de l\u2019h\u00e9patite B.<\/li>\n<li>\u00a0Agglutinine froide \u00e0 large activit\u00e9 thermique ;\u00a0 \u00e0 propos d\u2019une observation.<\/li>\n<li>\u00a0Les syndromes h\u00e9morragiques par anomalie de l\u2019h\u00e9mostase; \u00e9tude de 6 cas en milieu de r\u00e9animation.<\/li>\n<li>\u00a0Le syndrome TRALI;\u00a0 un cas apr\u00e8s transfusion de culot globulaire.<\/li>\n<li>\u00a0La prise en charge de l\u2019h\u00e9mophile.<\/li>\n<li>\u00a0Pi\u00e8ges diagnostiques et causes d&#8217;erreurs en immuno-hematologie.<\/li>\n<li>\u00a0La f\u00e9rritine s\u00e9rique ; structure, r\u00f4le et int\u00e9r\u00eat clinique.<\/li>\n<li>\u00a0Les fr\u00e9quences ph\u00e9notypiques et g\u00e9notypiques des syst\u00e8mes ABO, RH et Kell dans la population marocaine.<\/li>\n<li>\u00a0Pr\u00e9valence des marqueurs s\u00e9riques du virus de l\u2019h\u00e9patite C chez une population de donneurs de sang.<\/li>\n<li>\u00a0Le syndrome de S\u00e9zary ; \u00e0 propos d\u2019une observation.<\/li>\n<li>\u00a0Les accidents d\u2019exposition au sang chez le personnel hospitalier.<\/li>\n<li>\u00a0La bisalbumin\u00e9mie h\u00e9r\u00e9ditaire ; \u00e0 propos d\u2019un cas.<\/li>\n<li>\u00a0Otomyiase bilat\u00e9rale \u00e0 Lucilia s\u00e9ricata ; \u00e0 propos d\u2019un cas marocain.<\/li>\n<li>\u00a0Le Demodex humain ; \u00e0 propos de deux observations.<\/li>\n<li>\u00a0Identification des levures du genre Candida.<\/li>\n<\/ul>\n<p>[\/vc_column_text][\/vc_column][\/vc_row][vc_row css=&#8221;.vc_custom_1568112307280{margin-top: 25px !important;}&#8221;][vc_column][vc_custom_heading text=&#8221;Communications (Orales et Affich\u00e9es : Auteur Principal) :&#8221; font_container=&#8221;tag:h3|font_size:18|text_align:left&#8221; use_theme_fonts=&#8221;yes&#8221; rs_decor_place=&#8221;2&#8243;][\/vc_custom_heading][vc_column_text]<\/p>\n<ul>\n<li>Pr\u00e9valence des pseudo-thrombop\u00e9nies \u00e0 l\u2019H\u00f4pital Militaire de Rabat. <a href=\"https:\/\/labointernational.ma\/wp-content\/uploads\/2019\/05\/BANNER-Copie.jpg\">(attestation..)<\/a><\/li>\n<li>D\u00e9ficit en facteur X et amylose ; \u00e0 propos d\u2019une observation.<\/li>\n<li>Thrombocytose r\u00e9actionnelle chez un br\u00fbl\u00e9 grave.<\/li>\n<li>Thrombose et groupe sanguin ABO.<\/li>\n<li>Les hyper\u00e9osinophilies ; r\u00f4le du laboratoire d\u2019h\u00e9matologie.<\/li>\n<li>les thrombop\u00e9nies en milieu de r\u00e9animation ; \u00e9tude de 200 h\u00e9mogrammes.<\/li>\n<li>Profil des param\u00e8tres \u00e9rythrocytaires chez le personnel navigant ; \u00e9tude de 100 h\u00e9mogrammes.<\/li>\n<li>Les schizocytes ; pr\u00e9valence et int\u00e9r\u00eats cliniques (5000 h\u00e9mogrammes).<\/li>\n<li>L\u2019Erythrovirus B19 en h\u00e9matologie.<\/li>\n<li>La mutation G20210A du g\u00e8ne de la prothrombine ; un nouveau facteur de risque de thrombose.<\/li>\n<li>Le dosage des D-dim\u00e8res ; test important dans le d\u00e9pistage des accidents thromb\u0153mboliques en milieu chirurgical.<\/li>\n<li>Le syst\u00e8me Rh \u00e9tendu dans la population marocaine ; 2071 donneurs de sang.<\/li>\n<li>Le profil biologique des syndromes de coagulation intravasculaire dissemin\u00e9 ; \u00e0 propos de 10 observations.<\/li>\n<li>Les syndromes h\u00e9morragiques par anomalie de l\u2019h\u00e9mostase; \u00e9tude de 6 cas en milieu de reanimation.<\/li>\n<li>Agglutinine froide \u00e0 large activit\u00e9 thermique ; \u00e0 propos d\u2019une observation.<\/li>\n<li>Le syndrome TRALI; un cas apr\u00e8s transfusion de culot globulaire.<\/li>\n<li>Qualification s\u00e9rologique des produits sanguins labiles au centre de transfusion sanguine de l\u2019h\u00f4pital militaire rabat (2004).<\/li>\n<li>L\u2019h\u00e9movigilance ; qu\u2019en est-il au Maroc ?<\/li>\n<li>La m\u00e9ta-analyse \u00e0 l\u2019usage du biologiste et du m\u00e9decin praticien.<\/li>\n<li>M\u00e9ningo-vascularite syphilitiques ; aspects pathologiques particuliers ; \u00e9tude de 2 cas.<\/li>\n<li>Syndrome de Guillain-Barr\u00e9 dans le cadre d\u2019un syndrome auto-immun multiple (SAM) post-vaccinal DTCoq.<\/li>\n<li>Exp\u00e9rience du laboratoire de l\u2019h\u00f4pital d\u2019enfant \u00e0 Rabat dans le diagnostic et l\u2019identification des levures du genre Candida.<\/li>\n<li>Le profil biologique de la leishmaniose visc\u00e9rale infantile ; \u00e0 propos\u00a0\u00a0de 40cas.<\/li>\n<li>Acanthamoeba ; agent responsable de la k\u00e9ratite amibienne chez les porteurs de lentilles de contact.<\/li>\n<li>Les Faux Parasites ; observ\u00e9s en pratique courante au Laboratoire de parasitologie-mycologie, H\u00f4pital d\u2019enfant Rabat.<\/li>\n<li>La bisalbumin\u00e9mie ; est-elle le reflet d\u2019un surdosage en \uf062-lactamines chez un patient porteur d\u2019une insuffisance r\u00e9nale chronique?<\/li>\n<li>Le profil actuel des parasitoses intestinales chez l\u2019enfant \u00e0 Rabat.<\/li>\n<li>Cl\u00e9 de D\u00e9termination des Larves de Dipt\u00e8res.<\/li>\n<li>Blastocystis hominis ; est-il pathog\u00e8ne ou pas?<\/li>\n<li>Les Associations Parasitaires ; \u00e9tude de 4000 \u00e9chantillons de selles d\u2019enfants.<\/li>\n<li>Infection cervico-faciale \u00e0 Actinomyc\u00e8te Spp.<\/li>\n<\/ul>\n<p>[\/vc_column_text][\/vc_column][\/vc_row]<\/p>\n<\/div>","protected":false},"excerpt":{"rendered":"<p>[vc_row rsclass=&#8221;clean&#8221; el_class=&#8221;row&#8221; css=&#8221;.vc_custom_1568118338855{margin-left: 40px !important;}&#8221;][vc_column width=&#8221;1\/4&#8243; rsclass=&#8221;clean&#8221; el_class=&#8221;col-md&#8221;][vc_single_image image=&#8221;1953&#8243; img_size=&#8221;full&#8221; rsclass=&#8221;clean&#8221; el_class=&#8221;doctor-page-photo text-center tt_pt_3&#8243; rs_image_class=&#8221;img-fluid&#8221;][\/vc_single_image][vc_empty_space][vc_column_text]Professeur en H\u00e9mato-Biologie (Facult\u00e9 de M\u00e9decine et de Pharmacie &#8211; Rabat) Ex M\u00e9decin Lt-Colonel (H\u00f4pital Militaire d\u2019Instruction Mohamed V &#8211; Rabat)[\/vc_column_text][\/vc_column][vc_column width=&#8221;3\/4&#8243; rsclass=&#8221;clean&#8221; el_class=&#8221;col-lg-8 mt-4 mt-lg-0&#8243;][vc_custom_heading text=&#8221;Dipl\u00f4mes&#8221; font_container=&#8221;tag:h2|font_size:25|text_align:left&#8221; use_theme_fonts=&#8221;yes&#8221; rs_decor_place=&#8221;2&#8243;][\/vc_custom_heading][vc_column_text rsclass=&#8221;clean&#8221;] 2009 : Titre de Professeur Assistant en H\u00e9mato-Biologie Facult\u00e9 <\/p>\n<div class=\"btn-more-wrapper\"><a href=\"https:\/\/labointernational.ma\/ar\/professeur-bahji-mestapha\/\" class=\"btn btn-sm btn-hover-fill\"><svg class=\"icon icon-right-arrow\" version=\"1.1\" xmlns=\"http:\/\/www.w3.org\/2000\/svg\" width=\"32\" height=\"32\" viewBox=\"0 0 32 32\"><title>right-arrow<\/title><path d=\"M21.548 5.088c-0.436-0.451-1.162-0.451-1.613 0-0.436 0.436-0.436 1.162 0 1.596l8.177 8.177h-26.984c-0.629 0.001-1.129 0.501-1.129 1.13s0.5 1.145 1.129 1.145h26.984l-8.177 8.162c-0.436 0.451-0.436 1.178 0 1.613 0.451 0.451 1.178 0.451 1.613 0l10.113-10.113c0.451-0.436 0.451-1.162 0-1.596l-10.113-10.114z\"><\/path><\/svg>Read More<span class=\"screen-reader-text\"> &#8220;Pr.  BAHJI Mostafa&#8221;<\/span><svg class=\"icon icon-right-arrow\" version=\"1.1\" xmlns=\"http:\/\/www.w3.org\/2000\/svg\" width=\"32\" height=\"32\" viewBox=\"0 0 32 32\"><title>right-arrow<\/title><path d=\"M21.548 5.088c-0.436-0.451-1.162-0.451-1.613 0-0.436 0.436-0.436 1.162 0 1.596l8.177 8.177h-26.984c-0.629 0.001-1.129 0.501-1.129 1.13s0.5 1.145 1.129 1.145h26.984l-8.177 8.162c-0.436 0.451-0.436 1.178 0 1.613 0.451 0.451 1.178 0.451 1.613 0l10.113-10.113c0.451-0.436 0.451-1.162 0-1.596l-10.113-10.114z\"><\/path><\/svg><\/a><\/div>\n","protected":false},"author":1,"featured_media":0,"parent":0,"menu_order":7,"comment_status":"closed","ping_status":"closed","template":"","meta":{"footnotes":""},"class_list":["post-1065","page","type-page","status-publish","hentry"],"_links":{"self":[{"href":"https:\/\/labointernational.ma\/ar\/wp-json\/wp\/v2\/pages\/1065","targetHints":{"allow":["GET"]}}],"collection":[{"href":"https:\/\/labointernational.ma\/ar\/wp-json\/wp\/v2\/pages"}],"about":[{"href":"https:\/\/labointernational.ma\/ar\/wp-json\/wp\/v2\/types\/page"}],"author":[{"embeddable":true,"href":"https:\/\/labointernational.ma\/ar\/wp-json\/wp\/v2\/users\/1"}],"replies":[{"embeddable":true,"href":"https:\/\/labointernational.ma\/ar\/wp-json\/wp\/v2\/comments?post=1065"}],"version-history":[{"count":175,"href":"https:\/\/labointernational.ma\/ar\/wp-json\/wp\/v2\/pages\/1065\/revisions"}],"predecessor-version":[{"id":2115,"href":"https:\/\/labointernational.ma\/ar\/wp-json\/wp\/v2\/pages\/1065\/revisions\/2115"}],"wp:attachment":[{"href":"https:\/\/labointernational.ma\/ar\/wp-json\/wp\/v2\/media?parent=1065"}],"curies":[{"name":"wp","href":"https:\/\/api.w.org\/{rel}","templated":true}]}}