{"id":1079,"date":"2019-09-10T15:10:02","date_gmt":"2019-09-10T13:10:02","guid":{"rendered":"https:\/\/labointernational.ma\/myweb\/nos-specialites\/"},"modified":"2019-09-13T17:07:43","modified_gmt":"2019-09-13T15:07:43","slug":"nos-specialites","status":"publish","type":"page","link":"https:\/\/labointernational.ma\/en\/nos-specialites\/","title":{"rendered":"Our Specialities"},"content":{"rendered":"<div class=\"wpb-content-wrapper\"><p>[vc_row gap=&#8221;20&#8243; rsclass=&#8221;clean&#8221; el_class=&#8221;row col-equalH&#8221;][vc_column width=&#8221;1\/3&#8243; rsclass=&#8221;clean&#8221; el_class=&#8221;col-md-6 col-lg-4&#8243; rsinner=&#8221;service-card&#8221;][vc_single_image image=&#8221;683&#8243; img_size=&#8221;full&#8221; rsclass=&#8221;clean&#8221; rs_image_class=&#8221;img-fluid&#8221; el_class=&#8221;service-card-photo&#8221;][\/vc_single_image][vc_custom_heading text=&#8221;Hematology&#8221; font_container=&#8221;tag:h5|text_align:left&#8221; use_theme_fonts=&#8221;yes&#8221; rs_decor_place=&#8221;2&#8243; el_class=&#8221;service-card-name&#8221; link=&#8221;service-page|title:Cosmetic%20Dentistry|target:%20_blank|&#8221;]<\/p>\n<div class=\"h-decor\"><\/div>\n<p>[\/vc_custom_heading][vc_column_text rsclass=&#8221;clean&#8221;]ETUDE DES CELLULES SANGUINES (NFS, RETICULOCYTES..), L\u2019H\u00c9MOSTASE (TP, TCA, FIBRINOG\u00c8NE..) ET L\u2019H\u00c9MOLYSE (\u00c9LECTROPHOR\u00c8SE DE L\u2019HB, G6PD..)[\/vc_column_text][\/vc_column][vc_column width=&#8221;1\/3&#8243; rsclass=&#8221;clean&#8221; rsinner=&#8221;service-card&#8221; el_class=&#8221;col-md-6 col-lg-4&#8243;][vc_single_image image=&#8221;676&#8243; img_size=&#8221;full&#8221; rsclass=&#8221;clean&#8221; el_class=&#8221;service-card-photo&#8221; rs_image_class=&#8221;img-fluid&#8221;][\/vc_single_image][vc_custom_heading text=&#8221;Bacteriology&#8221; font_container=&#8221;tag:h5|text_align:left&#8221; use_theme_fonts=&#8221;yes&#8221; rs_decor_place=&#8221;2&#8243; el_class=&#8221;service-card-name&#8221; link=&#8221;service-page|title:Cosmetic%20Dentistry|target:%20_blank|&#8221;]<\/p>\n<div class=\"h-decor\"><\/div>\n<p>[\/vc_custom_heading][vc_column_text rsclass=&#8221;clean&#8221;]ISOLEMENT, CULTURE ET IDENTIFICATION DES BACT\u00c9RIES, AVEC \u00c9LABORATION SP\u00c9CIFIQUE DE LEURS ANTIBIOGRAMMES (ATB).[\/vc_column_text][\/vc_column][vc_column width=&#8221;1\/3&#8243; rsclass=&#8221;clean&#8221; rsinner=&#8221;service-card&#8221; el_class=&#8221;col-md-6 col-lg-4&#8243;][vc_single_image image=&#8221;682&#8243; img_size=&#8221;full&#8221; rsclass=&#8221;clean&#8221; el_class=&#8221;service-card-photo&#8221; rs_image_class=&#8221;img-fluid&#8221;][\/vc_single_image][vc_custom_heading text=&#8221;Parasitology Mycology&#8221; font_container=&#8221;tag:h5|text_align:left&#8221; use_theme_fonts=&#8221;yes&#8221; rs_decor_place=&#8221;2&#8243; el_class=&#8221;service-card-name&#8221; link=&#8221;service-page|title:Cosmetic%20Dentistry|target:%20_blank|&#8221;]<\/p>\n<div class=\"h-decor\"><\/div>\n<p>[\/vc_custom_heading][vc_column_text rsclass=&#8221;clean&#8221;]ISOLEMENT ET IDENTIFICATION DES CHAMPIGNONS ET DES PARASITES DANS LES DIFF\u00c9RENTS ORGANES (SELLES, SANG, PEAU, ONGLES\u2026)[\/vc_column_text][\/vc_column][vc_column][\/vc_column][\/vc_row][vc_row gap=&#8221;20&#8243; rsclass=&#8221;clean&#8221; el_class=&#8221;row col-equalH&#8221;][vc_column width=&#8221;1\/3&#8243; rsclass=&#8221;clean&#8221; el_class=&#8221;col-md-6 col-lg-4&#8243; rsinner=&#8221;service-card&#8221;][vc_single_image image=&#8221;692&#8243; img_size=&#8221;full&#8221; rsclass=&#8221;clean&#8221; el_class=&#8221;service-card-photo&#8221; rs_image_class=&#8221;img-fluid&#8221;][\/vc_single_image][vc_custom_heading text=&#8221;Virology&#8221; font_container=&#8221;tag:h5|text_align:left&#8221; use_theme_fonts=&#8221;yes&#8221; rs_decor_place=&#8221;2&#8243; el_class=&#8221;service-card-name&#8221; link=&#8221;service-page|title:Cosmetic%20Dentistry|target:%20_blank|&#8221;]<\/p>\n<div class=\"h-decor\"><\/div>\n<p>[\/vc_custom_heading][vc_column_text rsclass=&#8221;clean&#8221;]DIAGNOSTIC DIRECT OU INDIRECT DES INFECTIONS VIRALES (VIH, VHB, VHC, VHA, RUB\u00c9OLE, HSV, CMV, EBV, ADENOVIRUS, ROTAVIRUS\u2026)[\/vc_column_text][\/vc_column][vc_column width=&#8221;1\/3&#8243; rsclass=&#8221;clean&#8221; rsinner=&#8221;service-card&#8221; el_class=&#8221;col-md-6 col-lg-4&#8243;][vc_single_image image=&#8221;678&#8243; img_size=&#8221;full&#8221; rsclass=&#8221;clean&#8221; el_class=&#8221;service-card-photo&#8221; rs_image_class=&#8221;img-fluid&#8221;][\/vc_single_image][vc_custom_heading text=&#8221;Biochemistry&#8221; font_container=&#8221;tag:h5|text_align:left&#8221; use_theme_fonts=&#8221;yes&#8221; rs_decor_place=&#8221;2&#8243; el_class=&#8221;service-card-name&#8221; link=&#8221;service-page|title:Cosmetic%20Dentistry|target:%20_blank|&#8221;]<\/p>\n<div class=\"h-decor\"><\/div>\n<p>[\/vc_custom_heading][vc_column_text rsclass=&#8221;clean&#8221;]BIOCHIMIE DE ROUTINE (\u00c9LECTROLYTES, GLUCOSE, LIPIDES, PROT\u00c9INES, HORMONES, MARQUEURS TUMORAUX..) ET BIOCHIMIE SP\u00c9CIALIS\u00c9E (VITAMINES, ACIDES AMIN\u00c9S, ENZYMES..)[\/vc_column_text][\/vc_column][vc_column width=&#8221;1\/3&#8243; rsclass=&#8221;clean&#8221; rsinner=&#8221;service-card&#8221; el_class=&#8221;col-md-6 col-lg-4&#8243;][vc_single_image image=&#8221;679&#8243; img_size=&#8221;full&#8221; rsclass=&#8221;clean&#8221; el_class=&#8221;service-card-photo&#8221; rs_image_class=&#8221;img-fluid&#8221;][\/vc_single_image][vc_custom_heading text=&#8221;Immunologie&#8221; font_container=&#8221;tag:h5|text_align:left&#8221; use_theme_fonts=&#8221;yes&#8221; rs_decor_place=&#8221;2&#8243; el_class=&#8221;service-card-name&#8221; link=&#8221;service-page|title:Cosmetic%20Dentistry|target:%20_blank|&#8221;]<\/p>\n<div class=\"h-decor\"><\/div>\n<p>[\/vc_custom_heading][vc_column_text rsclass=&#8221;clean&#8221;]SPERMIOLOGIE ET PROCR\u00c9ATION M\u00c9DICALEMENT ASSIST\u00c9E (PMA) : INS\u00c9MINATION ARTIFICIELLE AVEC SPERME DU CONJOINT (IAC), F\u00c9CONDATION IN-VITRO (FIV) ET INJECTION INTRA CYTOPLASMIQUE DU SPERME (ICSI).[\/vc_column_text][\/vc_column][\/vc_row][vc_row gap=&#8221;20&#8243; rsclass=&#8221;clean&#8221; el_class=&#8221;row col-equalH&#8221;][vc_column width=&#8221;1\/3&#8243; rsclass=&#8221;clean&#8221; el_class=&#8221;col-md-6 col-lg-4&#8243; rsinner=&#8221;service-card&#8221;][vc_single_image image=&#8221;680&#8243; img_size=&#8221;full&#8221; rsclass=&#8221;clean&#8221; el_class=&#8221;service-card-photo&#8221; rs_image_class=&#8221;img-fluid&#8221;][\/vc_single_image][vc_custom_heading text=&#8221;Biologie Mol\u00e9culaire&#8221; font_container=&#8221;tag:h5|text_align:left&#8221; use_theme_fonts=&#8221;yes&#8221; rs_decor_place=&#8221;2&#8243; el_class=&#8221;service-card-name&#8221; link=&#8221;service-page|title:Cosmetic%20Dentistry|target:%20_blank|&#8221;]<\/p>\n<div class=\"h-decor\"><\/div>\n<p>[\/vc_custom_heading][vc_column_text rsclass=&#8221;clean&#8221;]ETUDE APR\u00c8S AMPLIFICATION DE S\u00c9QUENCES SP\u00c9CIFIQUES D\u2019ADN OU D\u2019ARN. OUTIL DIAGNOSTIC UTILIS\u00c9 DANS TOUTES LES DISCIPLINES DE BIOLOGIE.[\/vc_column_text][\/vc_column][vc_column width=&#8221;1\/3&#8243; rsclass=&#8221;clean&#8221; rsinner=&#8221;service-card&#8221; el_class=&#8221;col-md-6 col-lg-4&#8243;][vc_single_image image=&#8221;677&#8243; img_size=&#8221;full&#8221; rsclass=&#8221;clean&#8221; el_class=&#8221;service-card-photo&#8221; rs_image_class=&#8221;img-fluid&#8221;][\/vc_single_image][vc_custom_heading text=&#8221;Cytog\u00e9n\u00e9tique&#8221; font_container=&#8221;tag:h5|text_align:left&#8221; use_theme_fonts=&#8221;yes&#8221; rs_decor_place=&#8221;2&#8243; el_class=&#8221;service-card-name&#8221; link=&#8221;service-page|title:Cosmetic%20Dentistry|target:%20_blank|&#8221;]<\/p>\n<div class=\"h-decor\"><\/div>\n<p>[\/vc_custom_heading][vc_column_text rsclass=&#8221;clean&#8221;]<\/p>\n<div class=\"content-desc\">ETUDE DES PH\u00c9NOM\u00c8NES G\u00c9N\u00c9TIQUES AU NIVEAU DES CHROMOSOMES ET LES ANOMALIES RELATIVES (CARYOTYPE, FISH, HYBRIDATION<\/div>\n<p>[\/vc_column_text][\/vc_column][vc_column width=&#8221;1\/3&#8243; rsclass=&#8221;clean&#8221; rsinner=&#8221;service-card&#8221; el_class=&#8221;col-md-6 col-lg-4&#8243;][vc_single_image image=&#8221;681&#8243; img_size=&#8221;full&#8221; rsclass=&#8221;clean&#8221; el_class=&#8221;service-card-photo&#8221; rs_image_class=&#8221;img-fluid&#8221;][\/vc_single_image][vc_custom_heading text=&#8221;Biologie de la Reproduction&#8221; font_container=&#8221;tag:h5|text_align:left&#8221; use_theme_fonts=&#8221;yes&#8221; rs_decor_place=&#8221;2&#8243; el_class=&#8221;service-card-name&#8221; link=&#8221;service-page|title:Cosmetic%20Dentistry|target:%20_blank|&#8221;]<\/p>\n<div class=\"h-decor\"><\/div>\n<p>[\/vc_custom_heading][vc_column_text rsclass=&#8221;clean&#8221;]SPERMIOLOGIE ET PROCR\u00c9ATION M\u00c9DICALEMENT ASSIST\u00c9E (PMA) : INS\u00c9MINATION ARTIFICIELLE AVEC SPERME DU CONJOINT (IAC), F\u00c9CONDATION IN-VITRO (FIV) ET INJECTION INTRA CYTOPLASMIQUE DU SPERME (ICSI).[\/vc_column_text][\/vc_column][\/vc_row]<\/p>\n<\/div>","protected":false},"excerpt":{"rendered":"<p>[vc_row gap=&#8221;20&#8243; rsclass=&#8221;clean&#8221; el_class=&#8221;row col-equalH&#8221;][vc_column width=&#8221;1\/3&#8243; rsclass=&#8221;clean&#8221; el_class=&#8221;col-md-6 col-lg-4&#8243; rsinner=&#8221;service-card&#8221;][vc_single_image image=&#8221;683&#8243; img_size=&#8221;full&#8221; rsclass=&#8221;clean&#8221; rs_image_class=&#8221;img-fluid&#8221; el_class=&#8221;service-card-photo&#8221;][\/vc_single_image][vc_custom_heading text=&#8221;Hematology&#8221; font_container=&#8221;tag:h5|text_align:left&#8221; use_theme_fonts=&#8221;yes&#8221; rs_decor_place=&#8221;2&#8243; el_class=&#8221;service-card-name&#8221; link=&#8221;service-page|title:Cosmetic%20Dentistry|target:%20_blank|&#8221;] [\/vc_custom_heading][vc_column_text rsclass=&#8221;clean&#8221;]ETUDE DES CELLULES SANGUINES (NFS, RETICULOCYTES..), L\u2019H\u00c9MOSTASE (TP, TCA, FIBRINOG\u00c8NE..) ET L\u2019H\u00c9MOLYSE (\u00c9LECTROPHOR\u00c8SE DE L\u2019HB, G6PD..)[\/vc_column_text][\/vc_column][vc_column width=&#8221;1\/3&#8243; rsclass=&#8221;clean&#8221; rsinner=&#8221;service-card&#8221; el_class=&#8221;col-md-6 col-lg-4&#8243;][vc_single_image image=&#8221;676&#8243; img_size=&#8221;full&#8221; rsclass=&#8221;clean&#8221; el_class=&#8221;service-card-photo&#8221; rs_image_class=&#8221;img-fluid&#8221;][\/vc_single_image][vc_custom_heading text=&#8221;Bacteriology&#8221; font_container=&#8221;tag:h5|text_align:left&#8221; use_theme_fonts=&#8221;yes&#8221; rs_decor_place=&#8221;2&#8243; el_class=&#8221;service-card-name&#8221; link=&#8221;service-page|title:Cosmetic%20Dentistry|target:%20_blank|&#8221;] [\/vc_custom_heading][vc_column_text <\/p>\n<div class=\"btn-more-wrapper\"><a href=\"https:\/\/labointernational.ma\/en\/nos-specialites\/\" class=\"btn btn-sm btn-hover-fill\"><svg class=\"icon icon-right-arrow\" version=\"1.1\" xmlns=\"http:\/\/www.w3.org\/2000\/svg\" width=\"32\" height=\"32\" viewBox=\"0 0 32 32\"><title>right-arrow<\/title><path d=\"M21.548 5.088c-0.436-0.451-1.162-0.451-1.613 0-0.436 0.436-0.436 1.162 0 1.596l8.177 8.177h-26.984c-0.629 0.001-1.129 0.501-1.129 1.13s0.5 1.145 1.129 1.145h26.984l-8.177 8.162c-0.436 0.451-0.436 1.178 0 1.613 0.451 0.451 1.178 0.451 1.613 0l10.113-10.113c0.451-0.436 0.451-1.162 0-1.596l-10.113-10.114z\"><\/path><\/svg>Read More<span class=\"screen-reader-text\"> &#8220;Our Specialities&#8221;<\/span><svg class=\"icon icon-right-arrow\" version=\"1.1\" xmlns=\"http:\/\/www.w3.org\/2000\/svg\" width=\"32\" height=\"32\" viewBox=\"0 0 32 32\"><title>right-arrow<\/title><path d=\"M21.548 5.088c-0.436-0.451-1.162-0.451-1.613 0-0.436 0.436-0.436 1.162 0 1.596l8.177 8.177h-26.984c-0.629 0.001-1.129 0.501-1.129 1.13s0.5 1.145 1.129 1.145h26.984l-8.177 8.162c-0.436 0.451-0.436 1.178 0 1.613 0.451 0.451 1.178 0.451 1.613 0l10.113-10.113c0.451-0.436 0.451-1.162 0-1.596l-10.113-10.114z\"><\/path><\/svg><\/a><\/div>\n","protected":false},"author":1,"featured_media":0,"parent":0,"menu_order":1,"comment_status":"closed","ping_status":"closed","template":"custompagett.php","meta":{"footnotes":""},"class_list":["post-1079","page","type-page","status-publish","hentry"],"_links":{"self":[{"href":"https:\/\/labointernational.ma\/en\/wp-json\/wp\/v2\/pages\/1079","targetHints":{"allow":["GET"]}}],"collection":[{"href":"https:\/\/labointernational.ma\/en\/wp-json\/wp\/v2\/pages"}],"about":[{"href":"https:\/\/labointernational.ma\/en\/wp-json\/wp\/v2\/types\/page"}],"author":[{"embeddable":true,"href":"https:\/\/labointernational.ma\/en\/wp-json\/wp\/v2\/users\/1"}],"replies":[{"embeddable":true,"href":"https:\/\/labointernational.ma\/en\/wp-json\/wp\/v2\/comments?post=1079"}],"version-history":[{"count":2,"href":"https:\/\/labointernational.ma\/en\/wp-json\/wp\/v2\/pages\/1079\/revisions"}],"predecessor-version":[{"id":1082,"href":"https:\/\/labointernational.ma\/en\/wp-json\/wp\/v2\/pages\/1079\/revisions\/1082"}],"wp:attachment":[{"href":"https:\/\/labointernational.ma\/en\/wp-json\/wp\/v2\/media?parent=1079"}],"curies":[{"name":"wp","href":"https:\/\/api.w.org\/{rel}","templated":true}]}}